{"id":3095,"date":"2025-05-12T16:42:16","date_gmt":"2025-05-12T14:42:16","guid":{"rendered":"https:\/\/www.sifeitalia.org\/?page_id=3095"},"modified":"2025-05-12T16:53:05","modified_gmt":"2025-05-12T14:53:05","slug":"sife-aid","status":"publish","type":"page","link":"https:\/\/www.sifeitalia.org\/index.php\/sife-aid\/","title":{"rendered":"SIFE AID"},"content":{"rendered":"<div class=\"wp-block-image\">\n<figure class=\"aligncenter size-full\"><img loading=\"lazy\" decoding=\"async\" width=\"645\" height=\"298\" src=\"https:\/\/www.sifeitalia.org\/wp-content\/uploads\/2025\/05\/Immagine-slider.jpg\" alt=\"\" class=\"wp-image-3093\" srcset=\"https:\/\/www.sifeitalia.org\/wp-content\/uploads\/2025\/05\/Immagine-slider.jpg 645w, https:\/\/www.sifeitalia.org\/wp-content\/uploads\/2025\/05\/Immagine-slider-300x139.jpg 300w\" sizes=\"auto, (max-width: 645px) 100vw, 645px\" \/><\/figure>\n<\/div>\n\n\n<h2 class=\"wp-block-heading\">SIFE Sportello Internazionale<\/h2>\n\n\n\n<p>Molti Ortopedici si impegnano e dedicano il loro tempo in missioni umanitarie nei Paesi del Terzo Mondo, a vario titolo e con le pi\u00f9 svariate associazioni.<\/p>\n\n\n\n<p>Vogliamo muovere anche noi i primi passi in questa direzione, rispondendo ad un\u2019esigenza dell\u2019animo umano: aiutare gli altri per realizzare noi stessi.<\/p>\n\n\n\n<p>SIFEAID si propone di agevolare il rapporto tra gli Ortopedici che si rendono disponibili a mettersi in gioco in una esperienza professionale \u201cmissionaria\u201d e le associazioni che lavorano in questo ambito.<\/p>\n\n\n\n<p>In una prima fase raccoglieremo le disponibilit\u00e0 dei medici, per capire quanti siamo e quanto possiamo dare (in termini di tempo, skills\u2026).<\/p>\n\n\n\n<p>In seconda battuta ci interfacceremo con le varie realt\u00e0 che operano sul campo per valutare insieme le loro richieste con quelle dei Medici.&nbsp; Lo scopo \u00e8 quello di creare una rete di rapporti che, in modo virtuoso, colleghi chi ha bisogno della nostra professionalit\u00e0 con chi vuole metterla in gioco.<\/p>\n\n\n\n<h2 class=\"wp-block-heading\">SIFE Save Implants For Everyone<\/h2>\n\n\n\n<p>Il progetto si propone di recuperare impianti non utilizzati o usati ma ancora funzionali per donarli alle Organizzazioni che ci faranno pervenire la richiesta e che operano nel campo sanitario nei Paesi del Terzo Mondo.<\/p>\n\n\n\n<p>In questo modo cercheremo di ri<strong>spondere<\/strong>&nbsp;al&nbsp;<strong>bisogno di materiale chirurgico n<\/strong>elle<strong>&nbsp;situazioni di difficolt\u00e0<\/strong> attraverso la&nbsp;<strong>collaborazione<\/strong>&nbsp;con le&nbsp;<strong>realt\u00e0 assistenziali<\/strong>&nbsp;che gi\u00e0 operano&nbsp;sul campo.<\/p>\n\n\n\n<p><strong>La nostra iniziativa ha dunque lo scopo, attraverso la riduzione dello spreco di strumentari chirurgici, di aiutare le persone in difficolt\u00e0.<\/strong><strong><\/strong><\/p>\n\n\n\n<p>Con questa duplice iniziativa SIFE AID vuole mettere in relazione virtuosa differenti soggetti (enti caritativi ed ONG che operano nel terzo Mondo, Medici Ortopedici, aziende) per portare un fattivo contributo al mondo, testimoniando un cammino di&nbsp;<strong>educazione<\/strong>&nbsp;alla&nbsp;lotta allo spreco, alla <strong>condivisione<\/strong>&nbsp;ed alla&nbsp;<strong>gratuit\u00e0<\/strong>.<\/p>\n\n\n\n<div style=\"height:100px\" aria-hidden=\"true\" class=\"wp-block-spacer\"><\/div>\n\n\n\n<div class=\"wp-block-buttons is-content-justification-center is-layout-flex wp-container-core-buttons-is-layout-16018d1d wp-block-buttons-is-layout-flex\">\n<div class=\"wp-block-button is-style-outline is-style-outline--1\"><a class=\"wp-block-button__link wp-element-button\" href=\"https:\/\/www.sifeitalia.org\/wp-content\/uploads\/2025\/05\/SIFE_AID_Business_Plan_Completo.pdf\">Vedi il business plan completo<\/a><\/div>\n<\/div>\n\n\n\n<p><\/p>\n","protected":false},"excerpt":{"rendered":"<p>SIFE Sportello Internazionale Molti Ortopedici si impegnano e dedicano il loro tempo in missioni umanitarie nei Paesi del Terzo Mondo, a vario titolo e con le pi\u00f9 svariate associazioni. Vogliamo muovere anche noi i primi passi in questa direzione, rispondendo ad un\u2019esigenza dell\u2019animo umano: aiutare gli altri per realizzare noi stessi. SIFEAID si propone di&hellip;<\/p>\n","protected":false},"author":1,"featured_media":0,"parent":0,"menu_order":0,"comment_status":"closed","ping_status":"closed","template":"","meta":{"_monsterinsights_skip_tracking":false,"_monsterinsights_sitenote_active":false,"_monsterinsights_sitenote_note":"","_monsterinsights_sitenote_category":0,"footnotes":""},"class_list":["post-3095","page","type-page","status-publish","hentry","description-off"],"yoast_head":"<!-- This site is optimized with the Yoast SEO plugin v27.1 - https:\/\/yoast.com\/product\/yoast-seo-wordpress\/ -->\n<title>SIFE AID - sifeitalia<\/title>\n<meta name=\"robots\" content=\"index, follow, max-snippet:-1, max-image-preview:large, max-video-preview:-1\" \/>\n<link rel=\"canonical\" href=\"https:\/\/www.sifeitalia.org\/index.php\/sife-aid\/\" \/>\n<meta property=\"og:locale\" content=\"it_IT\" \/>\n<meta property=\"og:type\" content=\"article\" \/>\n<meta property=\"og:title\" content=\"SIFE AID - sifeitalia\" \/>\n<meta property=\"og:description\" content=\"SIFE Sportello Internazionale Molti Ortopedici si impegnano e dedicano il loro tempo in missioni umanitarie nei Paesi del Terzo Mondo, a vario titolo e con le pi\u00f9 svariate associazioni. Vogliamo muovere anche noi i primi passi in questa direzione, rispondendo ad un\u2019esigenza dell\u2019animo umano: aiutare gli altri per realizzare noi stessi. SIFEAID si propone di&hellip;\" \/>\n<meta property=\"og:url\" content=\"https:\/\/www.sifeitalia.org\/index.php\/sife-aid\/\" \/>\n<meta property=\"og:site_name\" content=\"sifeitalia\" \/>\n<meta property=\"article:modified_time\" content=\"2025-05-12T14:53:05+00:00\" \/>\n<meta property=\"og:image\" content=\"https:\/\/www.sifeitalia.org\/wp-content\/uploads\/2025\/05\/Immagine-slider.jpg\" \/>\n\t<meta property=\"og:image:width\" content=\"645\" \/>\n\t<meta property=\"og:image:height\" content=\"298\" \/>\n\t<meta property=\"og:image:type\" content=\"image\/jpeg\" \/>\n<meta name=\"twitter:card\" content=\"summary_large_image\" \/>\n<meta name=\"twitter:label1\" content=\"Tempo di lettura stimato\" \/>\n\t<meta name=\"twitter:data1\" content=\"2 minuti\" \/>\n<script type=\"application\/ld+json\" class=\"yoast-schema-graph\">{\"@context\":\"https:\/\/schema.org\",\"@graph\":[{\"@type\":\"WebPage\",\"@id\":\"https:\/\/www.sifeitalia.org\/index.php\/sife-aid\/\",\"url\":\"https:\/\/www.sifeitalia.org\/index.php\/sife-aid\/\",\"name\":\"SIFE AID - sifeitalia\",\"isPartOf\":{\"@id\":\"https:\/\/www.sifeitalia.org\/#website\"},\"primaryImageOfPage\":{\"@id\":\"https:\/\/www.sifeitalia.org\/index.php\/sife-aid\/#primaryimage\"},\"image\":{\"@id\":\"https:\/\/www.sifeitalia.org\/index.php\/sife-aid\/#primaryimage\"},\"thumbnailUrl\":\"https:\/\/www.sifeitalia.org\/wp-content\/uploads\/2025\/05\/Immagine-slider.jpg\",\"datePublished\":\"2025-05-12T14:42:16+00:00\",\"dateModified\":\"2025-05-12T14:53:05+00:00\",\"breadcrumb\":{\"@id\":\"https:\/\/www.sifeitalia.org\/index.php\/sife-aid\/#breadcrumb\"},\"inLanguage\":\"it-IT\",\"potentialAction\":[{\"@type\":\"ReadAction\",\"target\":[\"https:\/\/www.sifeitalia.org\/index.php\/sife-aid\/\"]}]},{\"@type\":\"ImageObject\",\"inLanguage\":\"it-IT\",\"@id\":\"https:\/\/www.sifeitalia.org\/index.php\/sife-aid\/#primaryimage\",\"url\":\"https:\/\/www.sifeitalia.org\/wp-content\/uploads\/2025\/05\/Immagine-slider.jpg\",\"contentUrl\":\"https:\/\/www.sifeitalia.org\/wp-content\/uploads\/2025\/05\/Immagine-slider.jpg\",\"width\":645,\"height\":298},{\"@type\":\"BreadcrumbList\",\"@id\":\"https:\/\/www.sifeitalia.org\/index.php\/sife-aid\/#breadcrumb\",\"itemListElement\":[{\"@type\":\"ListItem\",\"position\":1,\"name\":\"Home\",\"item\":\"https:\/\/www.sifeitalia.org\/\"},{\"@type\":\"ListItem\",\"position\":2,\"name\":\"SIFE AID\"}]},{\"@type\":\"WebSite\",\"@id\":\"https:\/\/www.sifeitalia.org\/#website\",\"url\":\"https:\/\/www.sifeitalia.org\/\",\"name\":\"sifeitalia\",\"description\":\"Societ\u00e0 Italiana Fissazione Esterna\",\"potentialAction\":[{\"@type\":\"SearchAction\",\"target\":{\"@type\":\"EntryPoint\",\"urlTemplate\":\"https:\/\/www.sifeitalia.org\/?s={search_term_string}\"},\"query-input\":{\"@type\":\"PropertyValueSpecification\",\"valueRequired\":true,\"valueName\":\"search_term_string\"}}],\"inLanguage\":\"it-IT\"}]}<\/script>\n<!-- \/ Yoast SEO plugin. -->","yoast_head_json":{"title":"SIFE AID - sifeitalia","robots":{"index":"index","follow":"follow","max-snippet":"max-snippet:-1","max-image-preview":"max-image-preview:large","max-video-preview":"max-video-preview:-1"},"canonical":"https:\/\/www.sifeitalia.org\/index.php\/sife-aid\/","og_locale":"it_IT","og_type":"article","og_title":"SIFE AID - sifeitalia","og_description":"SIFE Sportello Internazionale Molti Ortopedici si impegnano e dedicano il loro tempo in missioni umanitarie nei Paesi del Terzo Mondo, a vario titolo e con le pi\u00f9 svariate associazioni. Vogliamo muovere anche noi i primi passi in questa direzione, rispondendo ad un\u2019esigenza dell\u2019animo umano: aiutare gli altri per realizzare noi stessi. SIFEAID si propone di&hellip;","og_url":"https:\/\/www.sifeitalia.org\/index.php\/sife-aid\/","og_site_name":"sifeitalia","article_modified_time":"2025-05-12T14:53:05+00:00","og_image":[{"width":645,"height":298,"url":"https:\/\/www.sifeitalia.org\/wp-content\/uploads\/2025\/05\/Immagine-slider.jpg","type":"image\/jpeg"}],"twitter_card":"summary_large_image","twitter_misc":{"Tempo di lettura stimato":"2 minuti"},"schema":{"@context":"https:\/\/schema.org","@graph":[{"@type":"WebPage","@id":"https:\/\/www.sifeitalia.org\/index.php\/sife-aid\/","url":"https:\/\/www.sifeitalia.org\/index.php\/sife-aid\/","name":"SIFE AID - sifeitalia","isPartOf":{"@id":"https:\/\/www.sifeitalia.org\/#website"},"primaryImageOfPage":{"@id":"https:\/\/www.sifeitalia.org\/index.php\/sife-aid\/#primaryimage"},"image":{"@id":"https:\/\/www.sifeitalia.org\/index.php\/sife-aid\/#primaryimage"},"thumbnailUrl":"https:\/\/www.sifeitalia.org\/wp-content\/uploads\/2025\/05\/Immagine-slider.jpg","datePublished":"2025-05-12T14:42:16+00:00","dateModified":"2025-05-12T14:53:05+00:00","breadcrumb":{"@id":"https:\/\/www.sifeitalia.org\/index.php\/sife-aid\/#breadcrumb"},"inLanguage":"it-IT","potentialAction":[{"@type":"ReadAction","target":["https:\/\/www.sifeitalia.org\/index.php\/sife-aid\/"]}]},{"@type":"ImageObject","inLanguage":"it-IT","@id":"https:\/\/www.sifeitalia.org\/index.php\/sife-aid\/#primaryimage","url":"https:\/\/www.sifeitalia.org\/wp-content\/uploads\/2025\/05\/Immagine-slider.jpg","contentUrl":"https:\/\/www.sifeitalia.org\/wp-content\/uploads\/2025\/05\/Immagine-slider.jpg","width":645,"height":298},{"@type":"BreadcrumbList","@id":"https:\/\/www.sifeitalia.org\/index.php\/sife-aid\/#breadcrumb","itemListElement":[{"@type":"ListItem","position":1,"name":"Home","item":"https:\/\/www.sifeitalia.org\/"},{"@type":"ListItem","position":2,"name":"SIFE AID"}]},{"@type":"WebSite","@id":"https:\/\/www.sifeitalia.org\/#website","url":"https:\/\/www.sifeitalia.org\/","name":"sifeitalia","description":"Societ\u00e0 Italiana Fissazione Esterna","potentialAction":[{"@type":"SearchAction","target":{"@type":"EntryPoint","urlTemplate":"https:\/\/www.sifeitalia.org\/?s={search_term_string}"},"query-input":{"@type":"PropertyValueSpecification","valueRequired":true,"valueName":"search_term_string"}}],"inLanguage":"it-IT"}]}},"_links":{"self":[{"href":"https:\/\/www.sifeitalia.org\/index.php\/wp-json\/wp\/v2\/pages\/3095","targetHints":{"allow":["GET"]}}],"collection":[{"href":"https:\/\/www.sifeitalia.org\/index.php\/wp-json\/wp\/v2\/pages"}],"about":[{"href":"https:\/\/www.sifeitalia.org\/index.php\/wp-json\/wp\/v2\/types\/page"}],"author":[{"embeddable":true,"href":"https:\/\/www.sifeitalia.org\/index.php\/wp-json\/wp\/v2\/users\/1"}],"replies":[{"embeddable":true,"href":"https:\/\/www.sifeitalia.org\/index.php\/wp-json\/wp\/v2\/comments?post=3095"}],"version-history":[{"count":4,"href":"https:\/\/www.sifeitalia.org\/index.php\/wp-json\/wp\/v2\/pages\/3095\/revisions"}],"predecessor-version":[{"id":3102,"href":"https:\/\/www.sifeitalia.org\/index.php\/wp-json\/wp\/v2\/pages\/3095\/revisions\/3102"}],"wp:attachment":[{"href":"https:\/\/www.sifeitalia.org\/index.php\/wp-json\/wp\/v2\/media?parent=3095"}],"curies":[{"name":"wp","href":"https:\/\/api.w.org\/{rel}","templated":true}]}}