{"id":1940,"date":"2020-12-02T12:13:56","date_gmt":"2020-12-02T11:13:56","guid":{"rendered":"https:\/\/www.sifeitalia.org\/?page_id=1940"},"modified":"2022-12-19T11:07:38","modified_gmt":"2022-12-19T10:07:38","slug":"sintesi","status":"publish","type":"page","link":"https:\/\/www.sifeitalia.org\/index.php\/services\/sintesi\/","title":{"rendered":"Sintesi"},"content":{"rendered":"<section class=\"wpb-content-wrapper\"><p>[vc_row][vc_column]<div id=\"ultimate-heading-806969f34d3925187\" class=\"uvc-heading ult-adjust-bottom-margin ultimate-heading-806969f34d3925187 uvc-1748  uvc-heading-default-font-sizes\" data-hspacer=\"line_only\"  data-halign=\"left\" style=\"text-align:left\"><div class=\"uvc-main-heading ult-responsive\"  data-ultimate-target='.uvc-heading.ultimate-heading-806969f34d3925187 h1'  data-responsive-json-new='{\"font-size\":\"\",\"line-height\":\"\"}' ><h1 style=\"--font-weight:theme;\">Sintesi<\/h1><\/div><div class=\"uvc-heading-spacer line_only\" style=\"topheight:1px;\"><span class=\"uvc-headings-line\" style=\"border-style:solid;border-bottom-width:1px;border-color:#145c99;width:autopx;\"><\/span><\/div><div class=\"uvc-sub-heading ult-responsive\"  data-ultimate-target='.uvc-heading.ultimate-heading-806969f34d3925187 .uvc-sub-heading '  data-responsive-json-new='{\"font-size\":\"desktop:20px;\",\"line-height\":\"\"}'  style=\"font-weight:normal;margin-top:10px;\">Incontri tra scuole di ortopedia<\/div><\/div>[vc_empty_space height=&#8221;90px&#8221;][\/vc_column][\/vc_row][vc_row][vc_column][vc_row_inner][vc_column_inner width=&#8221;1\/6&#8243;][\/vc_column_inner][vc_column_inner width=&#8221;4\/6&#8243;][vc_icon icon_fontawesome=&#8221;fas fa-quote-left&#8221; size=&#8221;sm&#8221; link=&#8221;url:https%3A%2F%2Fwww.ncbi.nlm.nih.gov%2Fpubmed%2F%3Fterm%3DExternal%2Bfixation%2Bas%2Ba%2Bdefinitive%2Btreatment%2Bfor%2Bhumeral%2Bshaft%2Bfractures.%2BRadiographic%2Band%2Bfunctional%2Bresults%2Bwith%2Banalysis%2Bof%2Boutcome%2Bpredictors||target:%20_blank|&#8221; css=&#8221;.vc_custom_1606919509746{margin-left: 0px !important;padding-left: 0px !important;}&#8221;][vc_column_text]<\/p>\n<p style=\"text-align: justify;\">\u201cSINTESI, incontri tra Scuole di Ortopedia\u201d \u00e8 uno spazio dedicato al colloquio \u201cvis a vis\u201d tra noi ed esponenti illustri di discipline ortopediche diverse, che si occupano di fissazione esterna o si confrontano con le tecniche di essa. Tale scambio dialettico aspira ad una una sintesi, una convergenza negli elementi fondamentali di giudizio che quotidianamente governano le scelte nella pratica clinica dell\u2019ortopedico, partendo da posizioni apparentemente contrapposte e poco conciliabili.<\/p>\n<p>[\/vc_column_text][vc_icon icon_fontawesome=&#8221;fas fa-quote-right&#8221; size=&#8221;sm&#8221; align=&#8221;right&#8221; link=&#8221;url:https%3A%2F%2Fwww.ncbi.nlm.nih.gov%2Fpubmed%2F%3Fterm%3DExternal%2Bfixation%2Bas%2Ba%2Bdefinitive%2Btreatment%2Bfor%2Bhumeral%2Bshaft%2Bfractures.%2BRadiographic%2Band%2Bfunctional%2Bresults%2Bwith%2Banalysis%2Bof%2Boutcome%2Bpredictors||target:%20_blank|&#8221;][\/vc_column_inner][vc_column_inner width=&#8221;1\/6&#8243;][\/vc_column_inner][\/vc_row_inner][\/vc_column][\/vc_row][vc_row css=&#8221;.vc_custom_1607510993204{margin-top: 70px !important;}&#8221;][vc_column width=&#8221;1\/2&#8243;][vc_row_inner][vc_column_inner width=&#8221;1\/3&#8243;]<style type=\"text\/css\" data-type=\"the7_shortcodes-inline-css\">.shortcode-single-image-wrap.shortcode-single-image-625a918e0c13998aa9333c3133110d65.enable-bg-rollover .rollover i,\n.shortcode-single-image-wrap.shortcode-single-image-625a918e0c13998aa9333c3133110d65.enable-bg-rollover .rollover-video i {\n  background: -webkit-linear-gradient();\n  background: linear-gradient();\n}\n.shortcode-single-image-wrap.shortcode-single-image-625a918e0c13998aa9333c3133110d65 .rollover-icon {\n  font-size: 32px;\n  color: #ffffff;\n  min-width: 44px;\n  min-height: 44px;\n  line-height: 44px;\n  border-radius: 100px;\n  border-style: solid;\n  border-width: 0px;\n}\n.dt-icon-bg-on.shortcode-single-image-wrap.shortcode-single-image-625a918e0c13998aa9333c3133110d65 .rollover-icon {\n  background: rgba(255,255,255,0.3);\n  box-shadow: none;\n}<\/style><div class=\"shortcode-single-image-wrap shortcode-single-image-625a918e0c13998aa9333c3133110d65 alignnone  enable-bg-rollover dt-icon-bg-off\" style=\"margin-top:0px; margin-bottom:0px; margin-left:0px; margin-right:0px; width:180px;\"><div class=\"shortcode-single-image\"><div class=\"fancy-media-wrap  layzr-bg\" style=\"\"><img decoding=\"async\" class=\"preload-me lazy-load aspect\" src=\"data:image\/svg+xml,%3Csvg%20xmlns%3D&#39;http%3A%2F%2Fwww.w3.org%2F2000%2Fsvg&#39;%20viewBox%3D&#39;0%200%20180%20180&#39;%2F%3E\" data-src=\"https:\/\/www.sifeitalia.org\/wp-content\/uploads\/2021\/12\/s200_leonid.solomin-180x180.jpg\" data-srcset=\"https:\/\/www.sifeitalia.org\/wp-content\/uploads\/2021\/12\/s200_leonid.solomin-180x180.jpg 180w, https:\/\/www.sifeitalia.org\/wp-content\/uploads\/2021\/12\/s200_leonid.solomin.jpg 200w\" loading=\"eager\" sizes=\"(max-width: 180px) 100vw, 180px\" width=\"180\" height=\"180\"  data-dt-location=\"https:\/\/www.sifeitalia.org\/s200_leonid-solomin\/\" style=\"--ratio: 180 \/ 180;\" alt=\"\" \/><\/div><\/div><\/div>[\/vc_column_inner][vc_column_inner width=&#8221;2\/3&#8243;]<div id=\"ultimate-heading-755969f34d3925ef9\" class=\"uvc-heading ult-adjust-bottom-margin ultimate-heading-755969f34d3925ef9 uvc-3547  uvc-heading-default-font-sizes\" data-hspacer=\"no_spacer\"  data-halign=\"left\" style=\"text-align:left\"><div class=\"uvc-heading-spacer no_spacer\" style=\"top\"><\/div><div class=\"uvc-main-heading ult-responsive\"  data-ultimate-target='.uvc-heading.ultimate-heading-755969f34d3925ef9 h3'  data-responsive-json-new='{\"font-size\":\"\",\"line-height\":\"\"}' ><h3 style=\"--font-weight:theme;\">Intervista al Prof. Leonid Salomin<\/h3><\/div><\/div>[vc_column_text css=&#8221;.vc_custom_1640598005895{margin-bottom: 30px !important;}&#8221;]<\/p>\n<p style=\"text-align: left;\"><strong>Nel terzo incontro il Dott. Lovisetti incontra il Prof. Leonid Salomin<\/strong><br \/>\nChirurgo ortopedico della pi\u00f9 alta categoria, professore di chirurgia ortopedica, capo del dipartimento ExFix R.R.Vreden Russian Research Institute of Traumatology and Orthopedics;<br \/>\nProfessore della cattedra di chirurgia generale dell&#8217;Universit\u00e0 Statale di San Pietroburgo;<br \/>\nProfessore onorario del &#8220;Centro scientifico russo Llizarov di traumatologia e ortopedia restaurativa&#8221; (Kurgan).<\/p>\n<p>[\/vc_column_text][\/vc_column_inner][\/vc_row_inner][\/vc_column][vc_column width=&#8221;1\/2&#8243;][vc_video link=&#8221;https:\/\/youtu.be\/oJ8Lt1xrTkw&#8221;][\/vc_column][\/vc_row][vc_row css=&#8221;.vc_custom_1607510993204{margin-top: 70px !important;}&#8221;][vc_column width=&#8221;1\/2&#8243;][vc_row_inner][vc_column_inner width=&#8221;1\/3&#8243;]<style type=\"text\/css\" data-type=\"the7_shortcodes-inline-css\">.shortcode-single-image-wrap.shortcode-single-image-8a68687a845ab2b091369243c8a97ae5.enable-bg-rollover .rollover i,\n.shortcode-single-image-wrap.shortcode-single-image-8a68687a845ab2b091369243c8a97ae5.enable-bg-rollover .rollover-video i {\n  background: -webkit-linear-gradient();\n  background: linear-gradient();\n}\n.shortcode-single-image-wrap.shortcode-single-image-8a68687a845ab2b091369243c8a97ae5 .rollover-icon {\n  font-size: 32px;\n  color: #ffffff;\n  min-width: 44px;\n  min-height: 44px;\n  line-height: 44px;\n  border-radius: 100px;\n  border-style: solid;\n  border-width: 0px;\n}\n.dt-icon-bg-on.shortcode-single-image-wrap.shortcode-single-image-8a68687a845ab2b091369243c8a97ae5 .rollover-icon {\n  background: rgba(255,255,255,0.3);\n  box-shadow: none;\n}<\/style><div class=\"shortcode-single-image-wrap shortcode-single-image-8a68687a845ab2b091369243c8a97ae5 alignnone  enable-bg-rollover dt-icon-bg-off\" style=\"margin-top:0px; margin-bottom:0px; margin-left:0px; margin-right:0px; width:180px;\"><div class=\"shortcode-single-image\"><div class=\"fancy-media-wrap  layzr-bg\" style=\"\"><img decoding=\"async\" class=\"preload-me lazy-load aspect\" src=\"data:image\/svg+xml,%3Csvg%20xmlns%3D&#39;http%3A%2F%2Fwww.w3.org%2F2000%2Fsvg&#39;%20viewBox%3D&#39;0%200%20180%20239&#39;%2F%3E\" data-src=\"https:\/\/www.sifeitalia.org\/wp-content\/uploads\/2021\/03\/Mr-Mark-Latimer-1-180x239.jpg\" data-srcset=\"https:\/\/www.sifeitalia.org\/wp-content\/uploads\/2021\/03\/Mr-Mark-Latimer-1-180x239.jpg 180w, https:\/\/www.sifeitalia.org\/wp-content\/uploads\/2021\/03\/Mr-Mark-Latimer-1.jpg 184w\" loading=\"eager\" sizes=\"(max-width: 180px) 100vw, 180px\" width=\"180\" height=\"239\"  data-dt-location=\"https:\/\/www.sifeitalia.org\/mr-mark-latimer-1\/\" style=\"--ratio: 180 \/ 239;\" alt=\"\" \/><\/div><\/div><\/div>[\/vc_column_inner][vc_column_inner width=&#8221;2\/3&#8243;]<div id=\"ultimate-heading-113369f34d392656a\" class=\"uvc-heading ult-adjust-bottom-margin ultimate-heading-113369f34d392656a uvc-1601  uvc-heading-default-font-sizes\" data-hspacer=\"no_spacer\"  data-halign=\"left\" style=\"text-align:left\"><div class=\"uvc-heading-spacer no_spacer\" style=\"top\"><\/div><div class=\"uvc-main-heading ult-responsive\"  data-ultimate-target='.uvc-heading.ultimate-heading-113369f34d392656a h3'  data-responsive-json-new='{\"font-size\":\"\",\"line-height\":\"\"}' ><h3 style=\"--font-weight:theme;\">Intervista a Mr. Mark Latimer<\/h3><\/div><\/div>[vc_column_text css=&#8221;.vc_custom_1620140078769{margin-bottom: 30px !important;}&#8221;]<\/p>\n<p style=\"text-align: left;\"><strong>Nel secondo incontro il Dott. Pili incontra il Dott. Mark Latimer<\/strong><br \/>\nDocente senior onorario MBBChir (Cantab), MA (Oxon), MEng (Oxon), MRCS (Ed), MRCS (Eng), FRCS (Tr &amp; Orth)<\/p>\n<p>[\/vc_column_text][\/vc_column_inner][\/vc_row_inner][\/vc_column][vc_column width=&#8221;1\/2&#8243;][vc_video link=&#8221;https:\/\/youtu.be\/ylrc8g-tQ9E&#8221;][\/vc_column][\/vc_row][vc_row css=&#8221;.vc_custom_1620140049837{padding-top: 30px !important;padding-bottom: 30px !important;}&#8221;][vc_column][vc_column_text css=&#8221;.vc_custom_1620139867682{margin-bottom: 30px !important;}&#8221;]<\/p>\n<p style=\"text-align: justify;\">Il Dottor Latimer lavora come chirurgo ortopedico consulente presso l&#8217;ospedale di Addenbrookes e presso gli ospedali Peterborough e Stamford. Ha un interesse specialistico per l&#8217;ortopedia infantile, la chirurgia degli arti inferiori adulti e la chirurgia dei traumi.<br \/>\nPrima di studiare medicina si \u00e8 laureato all&#8217;Universit\u00e0 di Oxford con una laurea in Economia e Management ingegneristica.<\/p>\n<p style=\"text-align: justify;\">Successivamente ha studiato medicina preclinica all&#8217;Universit\u00e0 di Oxford e medicina clinica all&#8217;Universit\u00e0 di Cambridge. Nel dicembre 1997 gli \u00e8 stato conferito il titolo di MBBChir. \u00c8 entrato a far parte della Rotazione Ortopedica dell&#8217;Anglia orientale nel 2002. Ha superato gli esami FRCS (Tr &amp; Orth) nel 2007 ed \u00e8 stato selezionato per la prestigiosa Ingham Fellowship in Chirurgia Ortopedica Pediatrica a Sydney. Ha trascorso poco pi\u00f9 di un anno a Sydney. La borsa di studio comprendeva una formazione completa in tutti gli aspetti della chirurgia ortopedica e traumatica dei bambini, nonch\u00e9 l&#8217;opportunit\u00e0 di lavorare nel Kerry Packer Research Institute con il Professor David Little.<br \/>\nHa pubblicato articoli accademici in numerosi campi tra cui cardiologia, anestesia, chirurgia plastica, neurochirurgia e, naturalmente, ortopedia.<\/p>\n<p>[\/vc_column_text][\/vc_column][\/vc_row][vc_row css=&#8221;.vc_custom_1607510993204{margin-top: 70px !important;}&#8221;][vc_column width=&#8221;1\/2&#8243;][vc_row_inner][vc_column_inner width=&#8221;1\/3&#8243;]<style type=\"text\/css\" data-type=\"the7_shortcodes-inline-css\">.shortcode-single-image-wrap.shortcode-single-image-f6cf26405fdb31a20921d6e51079720d.enable-bg-rollover .rollover i,\n.shortcode-single-image-wrap.shortcode-single-image-f6cf26405fdb31a20921d6e51079720d.enable-bg-rollover .rollover-video i {\n  background: -webkit-linear-gradient();\n  background: linear-gradient();\n}\n.shortcode-single-image-wrap.shortcode-single-image-f6cf26405fdb31a20921d6e51079720d .rollover-icon {\n  font-size: 32px;\n  color: #ffffff;\n  min-width: 44px;\n  min-height: 44px;\n  line-height: 44px;\n  border-radius: 100px;\n  border-style: solid;\n  border-width: 0px;\n}\n.dt-icon-bg-on.shortcode-single-image-wrap.shortcode-single-image-f6cf26405fdb31a20921d6e51079720d .rollover-icon {\n  background: rgba(255,255,255,0.3);\n  box-shadow: none;\n}<\/style><div class=\"shortcode-single-image-wrap shortcode-single-image-f6cf26405fdb31a20921d6e51079720d alignnone  enable-bg-rollover dt-icon-bg-off\" style=\"margin-top:0px; margin-bottom:0px; margin-left:0px; margin-right:0px; width:180px;\"><div class=\"shortcode-single-image\"><div class=\"fancy-media-wrap  layzr-bg\" style=\"\"><img decoding=\"async\" class=\"preload-me lazy-load aspect\" src=\"data:image\/svg+xml,%3Csvg%20xmlns%3D&#39;http%3A%2F%2Fwww.w3.org%2F2000%2Fsvg&#39;%20viewBox%3D&#39;0%200%20180%20240&#39;%2F%3E\" data-src=\"https:\/\/www.sifeitalia.org\/wp-content\/uploads\/2020\/12\/regzzoni-180x240.jpg\" data-srcset=\"https:\/\/www.sifeitalia.org\/wp-content\/uploads\/2020\/12\/regzzoni-180x240.jpg 180w, https:\/\/www.sifeitalia.org\/wp-content\/uploads\/2020\/12\/regzzoni.jpg 338w\" loading=\"eager\" sizes=\"(max-width: 180px) 100vw, 180px\" width=\"180\" height=\"240\"  data-dt-location=\"https:\/\/www.sifeitalia.org\/index.php\/services\/sintesi\/regzzoni\/\" style=\"--ratio: 180 \/ 240;\" alt=\"\" \/><\/div><\/div><\/div>[\/vc_column_inner][vc_column_inner width=&#8221;2\/3&#8243;]<div id=\"ultimate-heading-737969f34d3926bd2\" class=\"uvc-heading ult-adjust-bottom-margin ultimate-heading-737969f34d3926bd2 uvc-6856  uvc-heading-default-font-sizes\" data-hspacer=\"no_spacer\"  data-halign=\"left\" style=\"text-align:left\"><div class=\"uvc-heading-spacer no_spacer\" style=\"top\"><\/div><div class=\"uvc-main-heading ult-responsive\"  data-ultimate-target='.uvc-heading.ultimate-heading-737969f34d3926bd2 h3'  data-responsive-json-new='{\"font-size\":\"\",\"line-height\":\"\"}' ><h3 style=\"--font-weight:theme;\">Intervista al Prof. Regazzoni<\/h3><\/div><\/div>[vc_column_text css=&#8221;.vc_custom_1608138121641{margin-bottom: 30px !important;}&#8221;]<\/p>\n<p style=\"text-align: left;\"><strong>Nel primo incontro il nostro Presidente incontra Pietro Regazzoni<\/strong><br \/>\nPietro Regazzoni e\u2019 stato Professore titolare presso l\u2018Universitaria di Basilea e primario di Traumatologia presso la Clinica Universitaria di Basilea dal 1985 al 2008.<\/p>\n<p>[\/vc_column_text][\/vc_column_inner][\/vc_row_inner][\/vc_column][vc_column width=&#8221;1\/2&#8243;][vc_video link=&#8221;https:\/\/youtu.be\/5eXWAMz0OrA&#8221;][\/vc_column][\/vc_row][vc_row css=&#8221;.vc_custom_1607510993204{margin-top: 70px !important;}&#8221;][vc_column][vc_column_text css=&#8221;.vc_custom_1620139966926{margin-bottom: 30px !important;}&#8221;]<\/p>\n<p style=\"text-align: justify;\">E\u2019 Honorary Trustee della Fondazione AO, nella quale ha rivestito incarichi illustri quale responsabile della \u201clong bone technical commission\u201d, ruolo per il quale ha ricevuto un prestigioso AO Technical Award nel 2012 e di cui \u00e8 stato membro del concilio accademico. Tra le sue numerosissime pubblicazioni, dedicate prevalentemente alle tecniche di osteosintesi interna, all\u2019imaging e al planning preoperatorio in traumatologia, ha dimostrato notevole interesse per il trattamento delle osteomieliti e per la fissazione esterna, in particolare per il suo impiego nell\u2019osteogenesi distrazionale e nel trattamento delle fratture di polso.<\/p>\n<p>[\/vc_column_text][\/vc_column][\/vc_row]<\/p>\n<\/section>","protected":false},"excerpt":{"rendered":"<p>[vc_row][vc_column][vc_empty_space height=&#8221;90px&#8221;][\/vc_column][\/vc_row][vc_row][vc_column][vc_row_inner][vc_column_inner width=&#8221;1\/6&#8243;][\/vc_column_inner][vc_column_inner width=&#8221;4\/6&#8243;][vc_icon icon_fontawesome=&#8221;fas fa-quote-left&#8221; size=&#8221;sm&#8221; link=&#8221;url:https%3A%2F%2Fwww.ncbi.nlm.nih.gov%2Fpubmed%2F%3Fterm%3DExternal%2Bfixation%2Bas%2Ba%2Bdefinitive%2Btreatment%2Bfor%2Bhumeral%2Bshaft%2Bfractures.%2BRadiographic%2Band%2Bfunctional%2Bresults%2Bwith%2Banalysis%2Bof%2Boutcome%2Bpredictors||target:%20_blank|&#8221; css=&#8221;.vc_custom_1606919509746{margin-left: 0px !important;padding-left: 0px !important;}&#8221;][vc_column_text] \u201cSINTESI, incontri tra Scuole di Ortopedia\u201d \u00e8 uno spazio dedicato al colloquio \u201cvis a vis\u201d tra noi ed esponenti illustri di discipline ortopediche diverse, che si occupano di fissazione esterna o si confrontano con le tecniche di essa. Tale scambio dialettico aspira&hellip;<\/p>\n","protected":false},"author":1,"featured_media":0,"parent":1072,"menu_order":0,"comment_status":"closed","ping_status":"closed","template":"","meta":{"_monsterinsights_skip_tracking":false,"_monsterinsights_sitenote_active":false,"_monsterinsights_sitenote_note":"","_monsterinsights_sitenote_category":0,"footnotes":""},"class_list":["post-1940","page","type-page","status-publish","hentry","description-off"],"yoast_head":"<!-- This site is optimized with the Yoast SEO plugin v27.1 - https:\/\/yoast.com\/product\/yoast-seo-wordpress\/ -->\n<title>Sintesi - sifeitalia<\/title>\n<meta name=\"robots\" content=\"index, follow, max-snippet:-1, max-image-preview:large, max-video-preview:-1\" \/>\n<link rel=\"canonical\" href=\"https:\/\/www.sifeitalia.org\/index.php\/services\/sintesi\/\" \/>\n<meta property=\"og:locale\" content=\"it_IT\" \/>\n<meta property=\"og:type\" content=\"article\" \/>\n<meta property=\"og:title\" content=\"Sintesi - sifeitalia\" \/>\n<meta property=\"og:description\" content=\"[vc_row][vc_column][vc_empty_space height=&#8221;90px&#8221;][\/vc_column][\/vc_row][vc_row][vc_column][vc_row_inner][vc_column_inner width=&#8221;1\/6&#8243;][\/vc_column_inner][vc_column_inner width=&#8221;4\/6&#8243;][vc_icon icon_fontawesome=&#8221;fas fa-quote-left&#8221; size=&#8221;sm&#8221; link=&#8221;url:https%3A%2F%2Fwww.ncbi.nlm.nih.gov%2Fpubmed%2F%3Fterm%3DExternal%2Bfixation%2Bas%2Ba%2Bdefinitive%2Btreatment%2Bfor%2Bhumeral%2Bshaft%2Bfractures.%2BRadiographic%2Band%2Bfunctional%2Bresults%2Bwith%2Banalysis%2Bof%2Boutcome%2Bpredictors||target:%20_blank|&#8221; css=&#8221;.vc_custom_1606919509746{margin-left: 0px !important;padding-left: 0px !important;}&#8221;][vc_column_text] \u201cSINTESI, incontri tra Scuole di Ortopedia\u201d \u00e8 uno spazio dedicato al colloquio \u201cvis a vis\u201d tra noi ed esponenti illustri di discipline ortopediche diverse, che si occupano di fissazione esterna o si confrontano con le tecniche di essa. Tale scambio dialettico aspira&hellip;\" \/>\n<meta property=\"og:url\" content=\"https:\/\/www.sifeitalia.org\/index.php\/services\/sintesi\/\" \/>\n<meta property=\"og:site_name\" content=\"sifeitalia\" \/>\n<meta property=\"article:modified_time\" content=\"2022-12-19T10:07:38+00:00\" \/>\n<meta name=\"twitter:card\" content=\"summary_large_image\" \/>\n<meta name=\"twitter:label1\" content=\"Tempo di lettura stimato\" \/>\n\t<meta name=\"twitter:data1\" content=\"3 minuti\" \/>\n<script type=\"application\/ld+json\" class=\"yoast-schema-graph\">{\"@context\":\"https:\/\/schema.org\",\"@graph\":[{\"@type\":\"WebPage\",\"@id\":\"https:\/\/www.sifeitalia.org\/index.php\/services\/sintesi\/\",\"url\":\"https:\/\/www.sifeitalia.org\/index.php\/services\/sintesi\/\",\"name\":\"Sintesi - sifeitalia\",\"isPartOf\":{\"@id\":\"https:\/\/www.sifeitalia.org\/#website\"},\"datePublished\":\"2020-12-02T11:13:56+00:00\",\"dateModified\":\"2022-12-19T10:07:38+00:00\",\"breadcrumb\":{\"@id\":\"https:\/\/www.sifeitalia.org\/index.php\/services\/sintesi\/#breadcrumb\"},\"inLanguage\":\"it-IT\",\"potentialAction\":[{\"@type\":\"ReadAction\",\"target\":[\"https:\/\/www.sifeitalia.org\/index.php\/services\/sintesi\/\"]}]},{\"@type\":\"BreadcrumbList\",\"@id\":\"https:\/\/www.sifeitalia.org\/index.php\/services\/sintesi\/#breadcrumb\",\"itemListElement\":[{\"@type\":\"ListItem\",\"position\":1,\"name\":\"Home\",\"item\":\"https:\/\/www.sifeitalia.org\/\"},{\"@type\":\"ListItem\",\"position\":2,\"name\":\"Attivit\u00e0 scientifica\",\"item\":\"https:\/\/www.sifeitalia.org\/index.php\/services\/\"},{\"@type\":\"ListItem\",\"position\":3,\"name\":\"Sintesi\"}]},{\"@type\":\"WebSite\",\"@id\":\"https:\/\/www.sifeitalia.org\/#website\",\"url\":\"https:\/\/www.sifeitalia.org\/\",\"name\":\"sifeitalia\",\"description\":\"Societ\u00e0 Italiana Fissazione Esterna\",\"potentialAction\":[{\"@type\":\"SearchAction\",\"target\":{\"@type\":\"EntryPoint\",\"urlTemplate\":\"https:\/\/www.sifeitalia.org\/?s={search_term_string}\"},\"query-input\":{\"@type\":\"PropertyValueSpecification\",\"valueRequired\":true,\"valueName\":\"search_term_string\"}}],\"inLanguage\":\"it-IT\"}]}<\/script>\n<!-- \/ Yoast SEO plugin. -->","yoast_head_json":{"title":"Sintesi - sifeitalia","robots":{"index":"index","follow":"follow","max-snippet":"max-snippet:-1","max-image-preview":"max-image-preview:large","max-video-preview":"max-video-preview:-1"},"canonical":"https:\/\/www.sifeitalia.org\/index.php\/services\/sintesi\/","og_locale":"it_IT","og_type":"article","og_title":"Sintesi - sifeitalia","og_description":"[vc_row][vc_column][vc_empty_space height=&#8221;90px&#8221;][\/vc_column][\/vc_row][vc_row][vc_column][vc_row_inner][vc_column_inner width=&#8221;1\/6&#8243;][\/vc_column_inner][vc_column_inner width=&#8221;4\/6&#8243;][vc_icon icon_fontawesome=&#8221;fas fa-quote-left&#8221; size=&#8221;sm&#8221; link=&#8221;url:https%3A%2F%2Fwww.ncbi.nlm.nih.gov%2Fpubmed%2F%3Fterm%3DExternal%2Bfixation%2Bas%2Ba%2Bdefinitive%2Btreatment%2Bfor%2Bhumeral%2Bshaft%2Bfractures.%2BRadiographic%2Band%2Bfunctional%2Bresults%2Bwith%2Banalysis%2Bof%2Boutcome%2Bpredictors||target:%20_blank|&#8221; css=&#8221;.vc_custom_1606919509746{margin-left: 0px !important;padding-left: 0px !important;}&#8221;][vc_column_text] \u201cSINTESI, incontri tra Scuole di Ortopedia\u201d \u00e8 uno spazio dedicato al colloquio \u201cvis a vis\u201d tra noi ed esponenti illustri di discipline ortopediche diverse, che si occupano di fissazione esterna o si confrontano con le tecniche di essa. Tale scambio dialettico aspira&hellip;","og_url":"https:\/\/www.sifeitalia.org\/index.php\/services\/sintesi\/","og_site_name":"sifeitalia","article_modified_time":"2022-12-19T10:07:38+00:00","twitter_card":"summary_large_image","twitter_misc":{"Tempo di lettura stimato":"3 minuti"},"schema":{"@context":"https:\/\/schema.org","@graph":[{"@type":"WebPage","@id":"https:\/\/www.sifeitalia.org\/index.php\/services\/sintesi\/","url":"https:\/\/www.sifeitalia.org\/index.php\/services\/sintesi\/","name":"Sintesi - sifeitalia","isPartOf":{"@id":"https:\/\/www.sifeitalia.org\/#website"},"datePublished":"2020-12-02T11:13:56+00:00","dateModified":"2022-12-19T10:07:38+00:00","breadcrumb":{"@id":"https:\/\/www.sifeitalia.org\/index.php\/services\/sintesi\/#breadcrumb"},"inLanguage":"it-IT","potentialAction":[{"@type":"ReadAction","target":["https:\/\/www.sifeitalia.org\/index.php\/services\/sintesi\/"]}]},{"@type":"BreadcrumbList","@id":"https:\/\/www.sifeitalia.org\/index.php\/services\/sintesi\/#breadcrumb","itemListElement":[{"@type":"ListItem","position":1,"name":"Home","item":"https:\/\/www.sifeitalia.org\/"},{"@type":"ListItem","position":2,"name":"Attivit\u00e0 scientifica","item":"https:\/\/www.sifeitalia.org\/index.php\/services\/"},{"@type":"ListItem","position":3,"name":"Sintesi"}]},{"@type":"WebSite","@id":"https:\/\/www.sifeitalia.org\/#website","url":"https:\/\/www.sifeitalia.org\/","name":"sifeitalia","description":"Societ\u00e0 Italiana Fissazione Esterna","potentialAction":[{"@type":"SearchAction","target":{"@type":"EntryPoint","urlTemplate":"https:\/\/www.sifeitalia.org\/?s={search_term_string}"},"query-input":{"@type":"PropertyValueSpecification","valueRequired":true,"valueName":"search_term_string"}}],"inLanguage":"it-IT"}]}},"_links":{"self":[{"href":"https:\/\/www.sifeitalia.org\/index.php\/wp-json\/wp\/v2\/pages\/1940","targetHints":{"allow":["GET"]}}],"collection":[{"href":"https:\/\/www.sifeitalia.org\/index.php\/wp-json\/wp\/v2\/pages"}],"about":[{"href":"https:\/\/www.sifeitalia.org\/index.php\/wp-json\/wp\/v2\/types\/page"}],"author":[{"embeddable":true,"href":"https:\/\/www.sifeitalia.org\/index.php\/wp-json\/wp\/v2\/users\/1"}],"replies":[{"embeddable":true,"href":"https:\/\/www.sifeitalia.org\/index.php\/wp-json\/wp\/v2\/comments?post=1940"}],"version-history":[{"count":5,"href":"https:\/\/www.sifeitalia.org\/index.php\/wp-json\/wp\/v2\/pages\/1940\/revisions"}],"predecessor-version":[{"id":2551,"href":"https:\/\/www.sifeitalia.org\/index.php\/wp-json\/wp\/v2\/pages\/1940\/revisions\/2551"}],"up":[{"embeddable":true,"href":"https:\/\/www.sifeitalia.org\/index.php\/wp-json\/wp\/v2\/pages\/1072"}],"wp:attachment":[{"href":"https:\/\/www.sifeitalia.org\/index.php\/wp-json\/wp\/v2\/media?parent=1940"}],"curies":[{"name":"wp","href":"https:\/\/api.w.org\/{rel}","templated":true}]}}